{"id":36259,"date":"2024-12-06T14:09:16","date_gmt":"2024-12-06T11:09:16","guid":{"rendered":"https:\/\/www.thrivedesk.com\/?page_id=36259"},"modified":"2025-11-18T13:07:12","modified_gmt":"2025-11-18T10:07:12","slug":"wordcounter","status":"publish","type":"page","link":"https:\/\/www.thrivedesk.com\/fr\/tools\/wordcounter\/","title":{"rendered":"Compteur de mots et v\u00e9rificateur de densit\u00e9 de mots-cl\u00e9s gratuit"},"content":{"rendered":"","protected":false},"excerpt":{"rendered":"<p>Word Counter &amp; Keyword Density Checker est un outil qui calcule la fr\u00e9quence d'apparition d'un mot-cl\u00e9 sp\u00e9cifique dans votre contenu par rapport au nombre total de mots. <\/p>","protected":false},"author":1,"featured_media":36267,"parent":35835,"menu_order":40,"comment_status":"closed","ping_status":"closed","template":"","meta":{"_acf_changed":false,"footnotes":""},"class_list":["post-36259","page","type-page","status-publish","has-post-thumbnail","hentry"],"acf":[],"_links":{"self":[{"href":"https:\/\/www.thrivedesk.com\/fr\/wp-json\/wp\/v2\/pages\/36259","targetHints":{"allow":["GET"]}}],"collection":[{"href":"https:\/\/www.thrivedesk.com\/fr\/wp-json\/wp\/v2\/pages"}],"about":[{"href":"https:\/\/www.thrivedesk.com\/fr\/wp-json\/wp\/v2\/types\/page"}],"author":[{"embeddable":true,"href":"https:\/\/www.thrivedesk.com\/fr\/wp-json\/wp\/v2\/users\/1"}],"replies":[{"embeddable":true,"href":"https:\/\/www.thrivedesk.com\/fr\/wp-json\/wp\/v2\/comments?post=36259"}],"version-history":[{"count":1,"href":"https:\/\/www.thrivedesk.com\/fr\/wp-json\/wp\/v2\/pages\/36259\/revisions"}],"predecessor-version":[{"id":39858,"href":"https:\/\/www.thrivedesk.com\/fr\/wp-json\/wp\/v2\/pages\/36259\/revisions\/39858"}],"up":[{"embeddable":true,"href":"https:\/\/www.thrivedesk.com\/fr\/wp-json\/wp\/v2\/pages\/35835"}],"wp:featuredmedia":[{"embeddable":true,"href":"https:\/\/www.thrivedesk.com\/fr\/wp-json\/wp\/v2\/media\/36267"}],"wp:attachment":[{"href":"https:\/\/www.thrivedesk.com\/fr\/wp-json\/wp\/v2\/media?parent=36259"}],"curies":[{"name":"wp","href":"https:\/\/api.w.org\/{rel}","templated":true}]}}