{"id":36219,"date":"2024-12-04T17:24:07","date_gmt":"2024-12-04T14:24:07","guid":{"rendered":"https:\/\/www.thrivedesk.com\/?page_id=36219"},"modified":"2025-11-18T13:09:55","modified_gmt":"2025-11-18T10:09:55","slug":"saas-payment-gateway","status":"publish","type":"page","link":"https:\/\/www.thrivedesk.com\/fr\/tools\/saas-payment-gateway\/","title":{"rendered":"Calculateur de co\u00fbt de la passerelle de paiement SaaS"},"content":{"rendered":"","protected":false},"excerpt":{"rendered":"<p>Tout ce que vous devez savoir sur les passerelles de paiement SaaS, jouent un r\u00f4le essentiel dans les transactions en ligne, permettant aux entreprises d&#039;accepter les paiements de mani\u00e8re s\u00e9curis\u00e9e et efficace.<\/p>","protected":false},"author":1,"featured_media":36228,"parent":35835,"menu_order":39,"comment_status":"closed","ping_status":"closed","template":"","meta":{"_acf_changed":false,"footnotes":""},"class_list":["post-36219","page","type-page","status-publish","has-post-thumbnail","hentry"],"acf":[],"_links":{"self":[{"href":"https:\/\/www.thrivedesk.com\/fr\/wp-json\/wp\/v2\/pages\/36219","targetHints":{"allow":["GET"]}}],"collection":[{"href":"https:\/\/www.thrivedesk.com\/fr\/wp-json\/wp\/v2\/pages"}],"about":[{"href":"https:\/\/www.thrivedesk.com\/fr\/wp-json\/wp\/v2\/types\/page"}],"author":[{"embeddable":true,"href":"https:\/\/www.thrivedesk.com\/fr\/wp-json\/wp\/v2\/users\/1"}],"replies":[{"embeddable":true,"href":"https:\/\/www.thrivedesk.com\/fr\/wp-json\/wp\/v2\/comments?post=36219"}],"version-history":[{"count":1,"href":"https:\/\/www.thrivedesk.com\/fr\/wp-json\/wp\/v2\/pages\/36219\/revisions"}],"predecessor-version":[{"id":39860,"href":"https:\/\/www.thrivedesk.com\/fr\/wp-json\/wp\/v2\/pages\/36219\/revisions\/39860"}],"up":[{"embeddable":true,"href":"https:\/\/www.thrivedesk.com\/fr\/wp-json\/wp\/v2\/pages\/35835"}],"wp:featuredmedia":[{"embeddable":true,"href":"https:\/\/www.thrivedesk.com\/fr\/wp-json\/wp\/v2\/media\/36228"}],"wp:attachment":[{"href":"https:\/\/www.thrivedesk.com\/fr\/wp-json\/wp\/v2\/media?parent=36219"}],"curies":[{"name":"wp","href":"https:\/\/api.w.org\/{rel}","templated":true}]}}