{"id":13976,"date":"2021-09-08T20:02:52","date_gmt":"2021-09-08T14:02:52","guid":{"rendered":"https:\/\/www.thrivedesk.com\/?page_id=13976"},"modified":"2022-09-19T17:28:50","modified_gmt":"2022-09-19T11:28:50","slug":"gdpr","status":"publish","type":"page","link":"https:\/\/www.thrivedesk.com\/fr\/our\/gdpr\/","title":{"rendered":"R\u00e8glement g\u00e9n\u00e9ral sur la protection des donn\u00e9es (RGPD)"},"content":{"rendered":"<h2 class=\"wp-block-heading\" style=\"font-size:25px\">Qu'est-ce que le r\u00e8glement g\u00e9n\u00e9ral sur la protection des donn\u00e9es (RGPD) et son importance ?<\/h2>\n\n\n\n<p><a href=\"https:\/\/gdpr-info.eu\/\" target=\"_blank\" rel=\"noopener\">Le r\u00e8glement g\u00e9n\u00e9ral sur la protection des donn\u00e9es (RGPD)<\/a> Le 25 mai 2018, l'Union europ\u00e9enne a mis en application la directive sur la protection des donn\u00e9es, qui a r\u00e9volutionn\u00e9 le processus de renforcement de la vie priv\u00e9e, de la s\u00e9curit\u00e9 et de la protection des donn\u00e9es \u00e0 caract\u00e8re personnel d'une mani\u00e8re sans pr\u00e9c\u00e9dent. Il a donn\u00e9 aux r\u00e9sidents de l'UE le droit \u00e0 la vie priv\u00e9e et \u00e0 la protection des donn\u00e9es et a impos\u00e9 une responsabilit\u00e9 \u00e0 la fois aux processeurs de donn\u00e9es et aux contr\u00f4leurs de donn\u00e9es.<\/p>\n\n\n\n<p>Lorsqu'une entreprise montre qu'elle est conforme au GDPR, cela signifie qu'en tant qu'utilisateur de ses services, vous \u00eates prot\u00e9g\u00e9 en ce qui concerne la confidentialit\u00e9 et la protection des donn\u00e9es. Elle d\u00e9fend vos droits en tant que responsable du traitement de vos donn\u00e9es et vous permet d'accorder des autorisations en tant que seul responsable du traitement et propri\u00e9taire de vos propres donn\u00e9es.<\/p>\n\n\n\n<p>ThriveDesk est conforme au GDPR, dans la mesure o\u00f9 il n'est pas explicitement en contradiction avec les lois du Bangladesh, puisque nous sommes enregistr\u00e9s au Bangladesh. Nous croyons fermement que pour nos clients, la confidentialit\u00e9 de leurs donn\u00e9es est le facteur le plus important pour d\u00e9terminer s'ils vont s'abonner \u00e0 une plateforme comme la n\u00f4tre qui traite des donn\u00e9es priv\u00e9es. Par cons\u00e9quent, nous avons tendance \u00e0 respecter les droits et obligations mentionn\u00e9s dans le GDPR et \u00e0 nous y conformer autant que possible.<\/p>\n\n\n\n<h3 class=\"wp-block-heading\" style=\"font-size:18px\"><em>Qui est un responsable du traitement des donn\u00e9es ?<\/em><\/h3>\n\n\n\n<p>Le terme \"processeur de donn\u00e9es\" d\u00e9signe les entreprises ou les services qui traitent des donn\u00e9es pour le compte d'une personne qui choisit de les traiter par l'interm\u00e9diaire du prestataire de services ou du processeur de donn\u00e9es.&nbsp;<\/p>\n\n\n\n<h3 class=\"wp-block-heading\" style=\"font-size:18px\"><em>Qui est un contr\u00f4leur de donn\u00e9es ?<\/em><\/h3>\n\n\n\n<p>En vertu du GDPR, un contr\u00f4leur de donn\u00e9es est une personne qui fournit des biens ou des services \u00e0 des r\u00e9sidents de l'UE. Par cons\u00e9quent, si vous vendez en ligne \u00e0 des r\u00e9sidents de l'UE, vous serez soumis aux dispositions du GDPR et vous serez consid\u00e9r\u00e9 comme un contr\u00f4leur de donn\u00e9es et vous aurez l'obligation de souscrire uniquement \u00e0 des processeurs de donn\u00e9es conformes au GDPR.<\/p>\n\n\n\n<div style=\"height:40px\" aria-hidden=\"true\" class=\"wp-block-spacer\"><\/div>\n\n\n\n<h2 class=\"wp-block-heading\" style=\"font-size:25px\">Position de ThriveDesk dans le cadre du GDPR ?<\/h2>\n\n\n\n<p>ThriveDesk est consid\u00e9r\u00e9 comme un processeur de donn\u00e9es selon le GDPR et ses clients sont des contr\u00f4leurs de donn\u00e9es potentiels s'ils fournissent des biens ou des services aux r\u00e9sidents de l'UE. Par cons\u00e9quent, afin d'atteindre les audiences mondiales, il est imp\u00e9ratif pour ThriveDesk d'\u00eatre conforme au GDPR.<\/p>\n\n\n\n<p>Chez ThriveDesk, nous prenons des mesures s\u00e9rieuses pour assurer la protection des donn\u00e9es et la confidentialit\u00e9 des clients et un effort pour assurer la m\u00eame chose, voici les initiatives de conformit\u00e9 GDPR que nous prenons :<\/p>\n\n\n\n<ul class=\"wp-block-list\"><li>Toutes sortes de mesures organisationnelles, techniques et de s\u00e9curit\u00e9 sont adopt\u00e9es \u00e0 chaque \u00e9tape du d\u00e9veloppement.<\/li><li>Toutes les donn\u00e9es en transit, stock\u00e9es ou au repos sont crypt\u00e9es.<\/li><li>ThriveDesk notifiera imm\u00e9diatement toute violation des politiques de s\u00e9curit\u00e9 actuelles et toute violation de donn\u00e9es personnelles, notre syst\u00e8me de notification fonctionnera 24 heures sur 24, sans d\u00e9lai de rendu et avec des r\u00e9ponses rapides.<\/li><li>ThriveDesk ne conserve aucune information et ne traite aucune donn\u00e9e sans le consentement de son utilisateur ou de ses propri\u00e9taires, ce qui donne \u00e0 ses clients un contr\u00f4le total sur la fa\u00e7on d'utiliser ces donn\u00e9es.<\/li><li>Tous les traitements de donn\u00e9es sont prot\u00e9g\u00e9s conform\u00e9ment aux normes europ\u00e9ennes de protection des donn\u00e9es.<\/li><\/ul>\n\n\n\n<div style=\"height:40px\" aria-hidden=\"true\" class=\"wp-block-spacer\"><\/div>\n\n\n\n<h2 class=\"wp-block-heading\" style=\"font-size:25px\"><strong>Nous ne faisons rien sans votre autorisation !<\/strong><\/h2>\n\n\n\n<p>Sans votre consentement, nous ne traitons aucune donn\u00e9e ou information. Nous ne conservons jamais vos donn\u00e9es personnelles li\u00e9es au paiement et \u00e0 la facturation, qui sont stock\u00e9es et trait\u00e9es par des passerelles de paiement tierces certifi\u00e9es ISO. Dans notre <strong>Politique en mati\u00e8re de cookies<\/strong> nous avons mentionn\u00e9 les types d'informations ou de donn\u00e9es comportementales ou li\u00e9es \u00e0 l'activit\u00e9 que nous stockons ou utilisons et nous sommes tr\u00e8s transparents \u00e0 ce sujet et rien de ce que nous conservons et utilisons n'a \u00e9t\u00e9 fait sans votre consentement.<\/p>\n\n\n\n<div style=\"height:40px\" aria-hidden=\"true\" class=\"wp-block-spacer\"><\/div>\n\n\n\n<h2 class=\"wp-block-heading\" style=\"font-size:25px\"><strong><strong>En plein dans le mille <a href=\"https:\/\/www.thrivedesk.com\/fr\/our\/terms\/\" data-type=\"page\" data-id=\"10216\">Conditions d'utilisation<\/a> et <a href=\"https:\/\/www.thrivedesk.com\/fr\/our\/privacy\/\" data-type=\"page\" data-id=\"11655\">Politique de confidentialit\u00e9<\/a><\/strong><\/strong><\/h2>\n\n\n\n<p>ThriveDesk est absolument transparent avec ses termes de services et sa politique de confidentialit\u00e9 et stipule ouvertement quelles donn\u00e9es personnelles nous collectons, nous avons fait de notre mieux pour rester tr\u00e8s clairs, transparents, intelligibles et concis avec nos termes et conditions et nous vous conseillons \u00e9galement de les parcourir avant de prendre des d\u00e9cisions.<\/p>\n\n\n\n<div style=\"height:40px\" aria-hidden=\"true\" class=\"wp-block-spacer\"><\/div>\n\n\n\n<h2 class=\"wp-block-heading\" style=\"font-size:25px\"><strong><strong>Pouvez-vous effacer toutes vos donn\u00e9es ?<\/strong><\/strong><\/h2>\n\n\n\n<p>Oui, vous avez le droit de supprimer toutes vos donn\u00e9es de A \u00e0 Z qui se sont accumul\u00e9es au cours de votre utilisation de ThriveDesk, une simple demande de suppression de toutes les informations \u00e0 notre \u00e9quipe de support permettra le processus. Nous ferons le travail difficile pour vous, faites-nous simplement savoir quand vous avez besoin de supprimer toutes vos donn\u00e9es par l'interm\u00e9diaire de notre support et nous prendrons imm\u00e9diatement les mesures n\u00e9cessaires.<\/p>\n\n\n\n<div style=\"height:40px\" aria-hidden=\"true\" class=\"wp-block-spacer\"><\/div>\n\n\n\n<h2 class=\"wp-block-heading\" style=\"font-size:25px\"><strong>L'id\u00e9ologie de ThriveDesk ?<\/strong><\/h2>\n\n\n\n<p>En ce qui concerne les principes de protection des donn\u00e9es, nous avons une id\u00e9ologie forte qui comprend, sans s'y limiter, les \u00e9l\u00e9ments suivants :&nbsp;<\/p>\n\n\n\n<ul class=\"wp-block-list\"><li>La collecte, la diffusion et le traitement des donn\u00e9es \u00e0 caract\u00e8re personnel doivent \u00eatre effectu\u00e9s de la mani\u00e8re la plus transparente et la plus raisonnable possible, avec une lisibilit\u00e9 ais\u00e9e.<\/li><li>La dur\u00e9e de conservation des donn\u00e9es ne doit pas exc\u00e9der la dur\u00e9e n\u00e9cessaire.<\/li><li>Chacun des clients de ThriveDesk a la possibilit\u00e9 de t\u00e9l\u00e9charger ou d'acc\u00e9der \u00e0 ses informations ou donn\u00e9es personnelles ou d'en faire une copie chaque fois qu'il souhaite les obtenir.<\/li><li>Les donn\u00e9es personnelles ne peuvent \u00eatre collect\u00e9es qu'\u00e0 des fins sp\u00e9cifiques et ne peuvent \u00eatre utilis\u00e9es \u00e0 d'autres fins que celles pour lesquelles le consentement ou l'autorisation a \u00e9t\u00e9 obtenu de la part des clients.<\/li><\/ul>\n\n\n\n<div style=\"height:40px\" aria-hidden=\"true\" class=\"wp-block-spacer\"><\/div>\n\n\n\n<h2 class=\"wp-block-heading\" style=\"font-size:25px\"><strong>Gestion des br\u00e8ches<\/strong><\/h2>\n\n\n\n<p>Nous avons d\u00e9j\u00e0 mis en place un plan de gestion des violations et de communication pour nous conformer aux r\u00e9glementations du GDPR concernant le processus d'escalade et les exigences en mati\u00e8re de notification aux personnes concern\u00e9es.<\/p>\n\n\n\n<div style=\"height:40px\" aria-hidden=\"true\" class=\"wp-block-spacer\"><\/div>\n\n\n\n<h2 class=\"wp-block-heading\" style=\"font-size:25px\"><strong>Formation<\/strong><\/h2>\n\n\n\n<p>Notre \u00e9quipe suit une formation rigoureuse chaque derni\u00e8re semaine de chaque trimestre et nous accordons une grande importance \u00e0 la d\u00e9tection de toute faille potentielle susceptible de mettre en p\u00e9ril la confidentialit\u00e9 ou la protection des donn\u00e9es de nos clients. Notre syst\u00e8me a \u00e9t\u00e9 architectur\u00e9 de mani\u00e8re \u00e0 minimiser toute possibilit\u00e9 de fuite de donn\u00e9es de notre c\u00f4t\u00e9.<\/p>\n\n\n\n<p><\/p>\n\n\n\n<p>V\u00e9rifier nos sous-traitants et <a href=\"https:\/\/www.thrivedesk.com\/fr\/our\/cookies\/\" data-type=\"page\" data-id=\"11706\">Politique en mati\u00e8re de cookies<\/a> pour savoir quelles informations nous conservons et qui sont les tiers charg\u00e9s du traitement.<\/p>\n\n\n\n<p><\/p>\n\n\n\n<div style=\"height:40px\" aria-hidden=\"true\" class=\"wp-block-spacer\"><\/div>\n\n\n\n<div style=\"height:40px\" aria-hidden=\"true\" class=\"wp-block-spacer\"><\/div>","protected":false},"excerpt":{"rendered":"<p>What is General Data Protection Regulation (GDPR) and its Significance? The \u200b\u200bGeneral Data Protection Regulation (GDPR) was enforced by the European Union on may 25, 2018, which has revolutionised the process of strengthening privacy, security &amp; personal data protection in an unprecedented manner. It has given the EU residents the right to privacy and data [&hellip;]<\/p>\n","protected":false},"author":1,"featured_media":0,"parent":10222,"menu_order":0,"comment_status":"closed","ping_status":"closed","template":"","meta":{"_acf_changed":false,"footnotes":""},"class_list":["post-13976","page","type-page","status-publish","hentry"],"acf":[],"_links":{"self":[{"href":"https:\/\/www.thrivedesk.com\/fr\/wp-json\/wp\/v2\/pages\/13976","targetHints":{"allow":["GET"]}}],"collection":[{"href":"https:\/\/www.thrivedesk.com\/fr\/wp-json\/wp\/v2\/pages"}],"about":[{"href":"https:\/\/www.thrivedesk.com\/fr\/wp-json\/wp\/v2\/types\/page"}],"author":[{"embeddable":true,"href":"https:\/\/www.thrivedesk.com\/fr\/wp-json\/wp\/v2\/users\/1"}],"replies":[{"embeddable":true,"href":"https:\/\/www.thrivedesk.com\/fr\/wp-json\/wp\/v2\/comments?post=13976"}],"version-history":[{"count":0,"href":"https:\/\/www.thrivedesk.com\/fr\/wp-json\/wp\/v2\/pages\/13976\/revisions"}],"up":[{"embeddable":true,"href":"https:\/\/www.thrivedesk.com\/fr\/wp-json\/wp\/v2\/pages\/10222"}],"wp:attachment":[{"href":"https:\/\/www.thrivedesk.com\/fr\/wp-json\/wp\/v2\/media?parent=13976"}],"curies":[{"name":"wp","href":"https:\/\/api.w.org\/{rel}","templated":true}]}}