{"id":11655,"date":"2021-04-25T23:42:36","date_gmt":"2021-04-25T20:42:36","guid":{"rendered":"https:\/\/www.thrivedesk.com\/?page_id=11655"},"modified":"2023-05-29T11:26:46","modified_gmt":"2023-05-29T08:26:46","slug":"privacy","status":"publish","type":"page","link":"https:\/\/www.thrivedesk.com\/fr\/our\/privacy\/","title":{"rendered":"Politique de confidentialit\u00e9"},"content":{"rendered":"<h2 class=\"wp-block-heading\" style=\"font-size:25px\">Applicabilit\u00e9 de la pr\u00e9sente politique de protection de la vie priv\u00e9e<\/h2>\n\n\n\n<p>Nous nous engageons \u00e0 prot\u00e9ger votre vie priv\u00e9e et vos informations au mieux de nos capacit\u00e9s et dans le respect des normes industrielles et des lois applicables. La pr\u00e9sente politique de confidentialit\u00e9 s'applique \u00e0 toute personne qui est tomb\u00e9e sur notre site web ou qui a interagi avec nos produits et services de quelque mani\u00e8re que ce soit, y compris, mais sans s'y limiter, en visitant notre site web ou nos bureaux physiques, en achetant et\/ou en utilisant nos produits ou services et en communiquant avec nous directement par le biais de nos plates-formes de communication ou en utilisant la communication d'un tiers, etc.<\/p>\n\n\n\n<div style=\"height:40px\" aria-hidden=\"true\" class=\"wp-block-spacer\"><\/div>\n\n\n\n<h2 class=\"wp-block-heading\" style=\"font-size:25px\">Champ d'application de la politique de protection de la vie priv\u00e9e<\/h2>\n\n\n\n<p>La pr\u00e9sente politique de confidentialit\u00e9 doit \u00eatre lue conjointement avec nos conditions de service et notre politique en mati\u00e8re de cookies, qui s'appliquent aux clients.<\/p>\n\n\n\n<p>Les questions de politique relatives aux employ\u00e9s, collaborateurs, affili\u00e9s et partenaires commerciaux sont r\u00e9gies par des accords distincts et personnalis\u00e9s d\u00fbment sign\u00e9s avec chacun d'entre eux.<\/p>\n\n\n\n<div style=\"height:40px\" aria-hidden=\"true\" class=\"wp-block-spacer\"><\/div>\n\n\n\n<h2 class=\"wp-block-heading\" style=\"font-size:25px\">Quels sont les types d'informations collect\u00e9es par Thrivedesk ?<\/h2>\n\n\n\n<p>D'un visiteur du site \u00e0 un client, nous recueillons plusieurs types d'informations, mais dans un sens plus large, elles peuvent \u00eatre s\u00e9par\u00e9es en deux cat\u00e9gories, \u00e0 savoir a) les informations personnelles et b) les informations non personnelles, mais ces derni\u00e8res sont moins importantes et leur utilisation et leur collecte sont rares.<\/p>\n\n\n\n<p><strong>Informations personnelles<\/strong><\/p>\n\n\n\n<p>La plupart des informations que nous recevons sont de nature personnelle, telles que le nom, l'adresse \u00e9lectronique enregistr\u00e9e, les coordonn\u00e9es, le nom de l'entreprise, les adresses postales, la g\u00e9olocalisation, etc.<\/p>\n\n\n\n<p><strong>Informations non personnelles<\/strong><\/p>\n\n\n\n<p>Toutes les autres informations qui ne constituent pas des informations personnelles, telles que le site web que vous avez visit\u00e9 avant d'entrer sur notre site web, la mani\u00e8re dont vous avez interagi avec nos pages, le courrier \u00e9lectronique, l'\u00e9cran, les clics li\u00e9s, la dur\u00e9e et toutes ces informations seront consid\u00e9r\u00e9es comme des informations non personnelles.<\/p>\n\n\n\n<p>Il convient de noter que nous ne collectons ni ne conservons votre carte de cr\u00e9dit ou toute autre information financi\u00e8re et que ces informations sont trait\u00e9es par des passerelles de paiement.<\/p>\n\n\n\n<div style=\"height:40px\" aria-hidden=\"true\" class=\"wp-block-spacer\"><\/div>\n\n\n\n<h2 class=\"wp-block-heading\" style=\"font-size:25px\">Comment Thrivedesk utilise-t-elle vos informations ?<\/h2>\n\n\n\n<p>Thrivedesk utilise vos informations aux fins suivantes :<\/p>\n\n\n\n<ul class=\"wp-block-list\"><li>Afin de fournir efficacement nos services, nous traitons \u00e0 la fois vos informations personnelles et non personnelles, par exemple pour cr\u00e9er, g\u00e9rer et administrer votre compte chez Thrivedesk, ainsi que pour nous acquitter efficacement de nos obligations dans le cadre de nos conditions de service.<\/li><li>Il est imp\u00e9ratif que nous maintenions un service ad\u00e9quat par le biais d'une communication r\u00e9guli\u00e8re, au cas o\u00f9 nous aurions besoin de vous fournir un support client ad\u00e9quat et efficace, de vous aider \u00e0 r\u00e9pondre \u00e0 vos questions, de vous avertir de toute menace \u00e9ventuelle, de vous aider \u00e0 modifier tout risque de s\u00e9curit\u00e9 ou de vous communiquer simplement des contenus marketing.<\/li><li>Afin d'acc\u00e9l\u00e9rer nos services de mani\u00e8re efficace, nous pouvons avoir besoin d'analyser les sch\u00e9mas de trafic, les tendances et de surveiller l'utilisation.<\/li><li>Nous pouvons avoir besoin de temps en temps d'analyser vos informations pour maintenir l'int\u00e9r\u00eat et la s\u00e9curit\u00e9 de la plateforme Thrivedesk s'il y a l\u00e9gitimement une situation qui peut s'apparenter \u00e0 une violation de nos termes et services.&nbsp;<\/li><li>Il peut arriver que le traitement de vos informations soit n\u00e9cessaire pour se conformer aux exigences des agences gouvernementales et pour respecter toute obligation l\u00e9gale impos\u00e9e par les lois applicables.&nbsp;<\/li><\/ul>\n\n\n\n<div style=\"height:40px\" aria-hidden=\"true\" class=\"wp-block-spacer\"><\/div>\n\n\n\n<h2 class=\"wp-block-heading\" style=\"font-size:25px\">La pr\u00e9sente politique s'applique-t-elle aux liens vers d'autres sites web ?<\/h2>\n\n\n\n<p>Thrivedesk est uniquement responsable des donn\u00e9es et des informations collect\u00e9es sur sa plateforme ou son site web, nous ne prenons aucune responsabilit\u00e9 pour tout autre site web qui n'est pas d\u00e9tenu ou exploit\u00e9 par nous, par cons\u00e9quent, si vous atterrissez sur un autre site web en suivant un lien redirigeant de notre site web vers un autre site web, vous serez dans le cadre de leur politique de confidentialit\u00e9, et non la n\u00f4tre.&nbsp;<\/p>\n\n\n\n<div style=\"height:40px\" aria-hidden=\"true\" class=\"wp-block-spacer\"><\/div>\n\n\n\n<h2 class=\"wp-block-heading\" style=\"font-size:25px\">Mes informations peuvent-elles \u00eatre transf\u00e9r\u00e9es vers d'autres pays ?<\/h2>\n\n\n\n<p>Vos informations peuvent \u00eatre transf\u00e9r\u00e9es vers d'autres pays o\u00f9 nous avons d\u00e9tach\u00e9 nos employ\u00e9s \u00e0 distance, mais ces informations sont conserv\u00e9es et trait\u00e9es dans nos serveurs et syst\u00e8mes, et aucune information ne sera divulgu\u00e9e publiquement tant que cela ne sera pas exig\u00e9 conform\u00e9ment \u00e0 la pr\u00e9sente politique de confidentialit\u00e9 et \u00e0 la l\u00e9gislation en vigueur. <a href=\"https:\/\/www.thrivedesk.com\/fr\/our\/terms\/\" data-type=\"URL\" data-id=\"https:\/\/www.thrivedesk.com\/our\/terms\/\">conditions d'utilisation des services<\/a>.<\/p>\n\n\n\n<div style=\"height:40px\" aria-hidden=\"true\" class=\"wp-block-spacer\"><\/div>\n\n\n\n<h2 class=\"wp-block-heading\" style=\"font-size:25px\">Droits des personnes concern\u00e9es - Acc\u00e8s, portabilit\u00e9 et effacement des donn\u00e9es<\/h2>\n\n\n\n<p>Nous nous engageons \u00e0 aider nos clients \u00e0 r\u00e9pondre aux&nbsp;<a href=\"https:\/\/gdpr-info.eu\/chapter-3\/\" target=\"_blank\" rel=\"noreferrer noopener\">droits de la personne concern\u00e9e<\/a>&nbsp;exigences du GDPR. ThriveDesk traite ou conserve toutes les donn\u00e9es personnelles avec des fournisseurs conformes au DPA qui ont \u00e9t\u00e9 soigneusement examin\u00e9s. Nous stockons toutes les donn\u00e9es de conversation jusqu'\u00e0 5 ans, \u00e0 moins que votre compte ne soit supprim\u00e9 ou que votre abonnement ne soit annul\u00e9. Dans ce cas, nous disposons de toutes les donn\u00e9es conform\u00e9ment \u00e0 nos Conditions de service et \u00e0 notre Politique de confidentialit\u00e9, mais nous ne les conserverons pas plus de 60 jours.<\/p>\n\n\n\n<p>Nous sommes conscients que si vous travaillez avec des clients de l'UE, vous devez pouvoir leur donner la possibilit\u00e9 d'acc\u00e9der, de mettre \u00e0 jour, d'extraire et de supprimer des donn\u00e9es personnelles. Vous pouvez rechercher et supprimer toute conversation d'un utilisateur final via l'interface utilisateur de notre service d'assistance. Si vous avez besoin d'exporter les donn\u00e9es de vos utilisateurs finaux dans un format lisible par un ordinateur, vous pouvez le faire gr\u00e2ce \u00e0 notre API Inbox (bient\u00f4t disponible). Nos clients\u00a0<a href=\"https:\/\/www.thrivedesk.com\/fr\/contact\/\" data-type=\"URL\" data-id=\"https:\/\/www.thrivedesk.com\/contact\/\">soutien<\/a>\u00a0est l\u00e0 pour r\u00e9pondre \u00e0 toutes les questions que vous vous posez sur l'utilisation de l'API.<\/p>\n\n\n\n<p>Lisez notre guide sur <a href=\"https:\/\/help.thrivedesk.com\/en\/managing-user-accounts#delete-users\" target=\"_blank\" data-type=\"URL\" data-id=\"https:\/\/help.thrivedesk.com\/en\/managing-user-accounts#delete-users\" rel=\"noreferrer noopener\">comment supprimer les donn\u00e9es des utilisateurs<\/a>.<\/p>\n\n\n\n<div style=\"height:40px\" aria-hidden=\"true\" class=\"wp-block-spacer\"><\/div>\n\n\n\n<h2 class=\"wp-block-heading\" style=\"font-size:25px\">Ne pas suivre<\/h2>\n\n\n\n<p>Nous n'intervenons pas dans certaines fonctions du navigateur par lesquelles un client peut choisir d'emp\u00eacher Thrivedesk de collecter des donn\u00e9es si le client opte pour de telles options.<\/p>\n\n\n\n<div style=\"height:40px\" aria-hidden=\"true\" class=\"wp-block-spacer\"><\/div>\n\n\n\n<h2 class=\"wp-block-heading\" style=\"font-size:25px\">Modification ou correction des donn\u00e9es<\/h2>\n\n\n\n<p>Les clients peuvent choisir de modifier ou de corriger leurs donn\u00e9es personnelles \u00e0 partir de leurs comptes respectifs et les informations qui ne sont pas modifiables \u00e0 partir du portail des clients, ils peuvent choisir de <a href=\"https:\/\/www.thrivedesk.com\/fr\/contact\/\" class=\"rank-math-link\">nous contacter<\/a>.<\/p>\n\n\n\n<div style=\"height:40px\" aria-hidden=\"true\" class=\"wp-block-spacer\"><\/div>\n\n\n\n<h2 class=\"wp-block-heading\" style=\"font-size:25px\">Modification de la pr\u00e9sente politique<\/h2>\n\n\n\n<p>Thrivedesk se r\u00e9serve le droit de modifier cette politique de confidentialit\u00e9 \u00e0 tout moment, les clients seront d\u00fbment inform\u00e9s des modifications de la politique de confidentialit\u00e9 \u00e0 leurs adresses \u00e9lectroniques respectives et par le biais de la notification sur le portail. Cette page sera \u00e9galement mise \u00e0 jour avec l'amendement de la politique et l'ancienne version de la politique de confidentialit\u00e9 sera disponible dans une archive et le lien sera donn\u00e9 ici une fois que l'amendement a eu lieu.<\/p>\n\n\n\n<p>Les clients sont \u00e9galement libres de consulter cette page pour prendre connaissance de toute modification apport\u00e9e \u00e0 cette politique de confidentialit\u00e9.<\/p>\n\n\n\n<div style=\"height:40px\" aria-hidden=\"true\" class=\"wp-block-spacer\"><\/div>\n\n\n\n<h2 class=\"wp-block-heading\" style=\"font-size:25px\">Applicabilit\u00e9 du droit<\/h2>\n\n\n\n<p>L'applicabilit\u00e9 des lois peut \u00eatre consult\u00e9e en d\u00e9tail dans les conditions d'utilisation des services et sera r\u00e9gie par les lois du Bangladesh dans la mesure du possible.<\/p>\n\n\n\n<p>En utilisant le site web de Thrivedesk ou en nous contactant directement, vous signifiez votre acceptation de cette politique de confidentialit\u00e9. Si vous n'\u00eates pas d'accord avec cette politique de confidentialit\u00e9, vous ne devez pas vous engager sur notre site web ou utiliser nos services.&nbsp;<\/p>\n\n\n\n<p>Nous ne sommes pas responsables de la poursuite de l'utilisation de ce site web malgr\u00e9 votre d\u00e9saccord avec notre politique de protection de la vie priv\u00e9e.<\/p>\n\n\n\n<div style=\"height:40px\" aria-hidden=\"true\" class=\"wp-block-spacer\"><\/div>","protected":false},"excerpt":{"rendered":"<p>Applicability of this Privacy Policy We are committed to safeguarding your privacy and information to the best of our capabilities and with due adherence to the industry standards and the applicable laws. This is our privacy policy and it is applicable to anyone who has come across our website or has interacted with our products [&hellip;]<\/p>\n","protected":false},"author":1,"featured_media":0,"parent":10222,"menu_order":0,"comment_status":"closed","ping_status":"closed","template":"","meta":{"_acf_changed":false,"footnotes":""},"class_list":["post-11655","page","type-page","status-publish","hentry"],"acf":[],"_links":{"self":[{"href":"https:\/\/www.thrivedesk.com\/fr\/wp-json\/wp\/v2\/pages\/11655","targetHints":{"allow":["GET"]}}],"collection":[{"href":"https:\/\/www.thrivedesk.com\/fr\/wp-json\/wp\/v2\/pages"}],"about":[{"href":"https:\/\/www.thrivedesk.com\/fr\/wp-json\/wp\/v2\/types\/page"}],"author":[{"embeddable":true,"href":"https:\/\/www.thrivedesk.com\/fr\/wp-json\/wp\/v2\/users\/1"}],"replies":[{"embeddable":true,"href":"https:\/\/www.thrivedesk.com\/fr\/wp-json\/wp\/v2\/comments?post=11655"}],"version-history":[{"count":0,"href":"https:\/\/www.thrivedesk.com\/fr\/wp-json\/wp\/v2\/pages\/11655\/revisions"}],"up":[{"embeddable":true,"href":"https:\/\/www.thrivedesk.com\/fr\/wp-json\/wp\/v2\/pages\/10222"}],"wp:attachment":[{"href":"https:\/\/www.thrivedesk.com\/fr\/wp-json\/wp\/v2\/media?parent=11655"}],"curies":[{"name":"wp","href":"https:\/\/api.w.org\/{rel}","templated":true}]}}