{"id":36270,"date":"2024-12-31T21:07:54","date_gmt":"2024-12-31T18:07:54","guid":{"rendered":"https:\/\/www.thrivedesk.com\/?page_id=36270"},"modified":"2025-11-18T13:06:25","modified_gmt":"2025-11-18T10:06:25","slug":"out-of-office-message-generator","status":"publish","type":"page","link":"https:\/\/www.thrivedesk.com\/es\/tools\/out-of-office-message-generator\/","title":{"rendered":"Generador de mensajes de fuera de la oficina"},"content":{"rendered":"","protected":false},"excerpt":{"rendered":"<p>Genera mensajes de fuera de la oficina (OOO) y correos electr\u00f3nicos de fuera de la oficina para tus pr\u00f3ximas vacaciones. Puedes elegir entre un mensaje de fuera de la oficina divertido o uno profesional, t\u00fa eliges.<\/p>","protected":false},"author":1,"featured_media":36267,"parent":35835,"menu_order":40,"comment_status":"closed","ping_status":"closed","template":"","meta":{"_acf_changed":false,"footnotes":""},"class_list":["post-36270","page","type-page","status-publish","has-post-thumbnail","hentry"],"acf":[],"_links":{"self":[{"href":"https:\/\/www.thrivedesk.com\/es\/wp-json\/wp\/v2\/pages\/36270","targetHints":{"allow":["GET"]}}],"collection":[{"href":"https:\/\/www.thrivedesk.com\/es\/wp-json\/wp\/v2\/pages"}],"about":[{"href":"https:\/\/www.thrivedesk.com\/es\/wp-json\/wp\/v2\/types\/page"}],"author":[{"embeddable":true,"href":"https:\/\/www.thrivedesk.com\/es\/wp-json\/wp\/v2\/users\/1"}],"replies":[{"embeddable":true,"href":"https:\/\/www.thrivedesk.com\/es\/wp-json\/wp\/v2\/comments?post=36270"}],"version-history":[{"count":2,"href":"https:\/\/www.thrivedesk.com\/es\/wp-json\/wp\/v2\/pages\/36270\/revisions"}],"predecessor-version":[{"id":39857,"href":"https:\/\/www.thrivedesk.com\/es\/wp-json\/wp\/v2\/pages\/36270\/revisions\/39857"}],"up":[{"embeddable":true,"href":"https:\/\/www.thrivedesk.com\/es\/wp-json\/wp\/v2\/pages\/35835"}],"wp:featuredmedia":[{"embeddable":true,"href":"https:\/\/www.thrivedesk.com\/es\/wp-json\/wp\/v2\/media\/36267"}],"wp:attachment":[{"href":"https:\/\/www.thrivedesk.com\/es\/wp-json\/wp\/v2\/media?parent=36270"}],"curies":[{"name":"gracias","href":"https:\/\/api.w.org\/{rel}","templated":true}]}}