{"id":34431,"date":"2024-02-29T13:50:26","date_gmt":"2024-02-29T10:50:26","guid":{"rendered":"https:\/\/www.thrivedesk.com\/?page_id=34431"},"modified":"2025-11-18T13:02:23","modified_gmt":"2025-11-18T10:02:23","slug":"email-signature-generator","status":"publish","type":"page","link":"https:\/\/www.thrivedesk.com\/es\/email-signature-generator\/","title":{"rendered":"Generador de Firma de Correo Electr\u00f3nico"},"content":{"rendered":"<div id=\"rank-math-faq\" class=\"rank-math-block\">\n<div class=\"rank-math-list\">\n<div id=\"faq-question-1709458333052\" class=\"rank-math-list-item\">\n<h3 class=\"rank-math-question\">\u00bfC\u00f3mo se utiliza esta herramienta?<\/h3>\n<div class=\"rank-math-answer\">\n\n<p>\u2013 Select the template you want to apply to your email signature.<br \/>\u2013 Input your email signature details, such as your name, email address, phone number, etc.<br \/>\u2013 Stylize your signature.<br \/>\u2013 Upload any images you want to display in your email signature.<br \/>\u2013 Once you\u2019re done editing your signature, click the Create Signature button to \u2013 confirm your signature details and unlock it for use.<\/p>\n\n<\/div>\n<\/div>\n<div id=\"faq-question-1709458460403\" class=\"rank-math-list-item\">\n<h3 class=\"rank-math-question\">\u00bfC\u00f3mo a\u00f1ado mi nueva firma de correo electr\u00f3nico a Gmail?<\/h3>\n<div class=\"rank-math-answer\">\n\n<p>Abrir\u00a0<strong>Gmail<\/strong>\u00a0en tu navegador.<br \/>Haga clic en el bot\u00f3n\u00a0<strong>icono de engranaje<\/strong>\u00a0en la esquina superior derecha.<br \/>Seleccione\u00a0<strong>\"Ver todos los ajustes\"<\/strong>\u00a0en el men\u00fa desplegable.<br \/>Despl\u00e1cese hasta el\u00a0<strong>\"General\"<\/strong>\u00a0y busque la pesta\u00f1a\u00a0<strong>\"Firma\"<\/strong>\u00a0secci\u00f3n.<br \/>Haga clic en\u00a0<strong>\"Crear nuevo\"<\/strong>.<br \/><strong>D\u00e9 un nombre a su firma<\/strong>\u00a0para facilitar la identificaci\u00f3n (opcional).<br \/><strong>Pegar<\/strong>\u00a0la firma generada desde el generador de firmas de correo electr\u00f3nico de ThriveDesk.<br \/>En\u00a0<strong>\"Firma por defecto\"<\/strong>Elige d\u00f3nde quieres que aparezca tu firma:<strong>\"En nuevos mensajes\"<\/strong>\u00a0(por defecto): La firma aparece en los nuevos correos electr\u00f3nicos que redactes.<br \/><strong>\"En los mensajes de respuesta y reenv\u00edo\"<\/strong>: La firma aparece en las respuestas y los reenv\u00edos.<br \/><strong>\"Sin firma\"<\/strong>: La firma no aparece autom\u00e1ticamente.<br \/>Cuando est\u00e9s satisfecho con tu firma, despl\u00e1zate hacia abajo y haz clic en \"Guardar cambios\".<\/p>\n\n<\/div>\n<\/div>\n<div id=\"faq-question-1709458498505\" class=\"rank-math-list-item\">\n<h3 class=\"rank-math-question\">\u00bfC\u00f3mo a\u00f1ado mi nueva firma de correo electr\u00f3nico a Outlook?<\/h3>\n<div class=\"rank-math-answer\">\n\n<p><strong>Abrir un nuevo correo electr\u00f3nico<\/strong>\u00a0para acceder a la ventana de composici\u00f3n.<br \/>Haga clic en el bot\u00f3n\u00a0<strong>\"Firma\"<\/strong>\u00a0en el bot\u00f3n\u00a0<strong>\"Mensaje\"<\/strong>\u00a0ficha.<br \/>Seleccione\u00a0<strong>\"Firmas...\"<\/strong>\u00a0en el men\u00fa desplegable.<br \/>En el\u00a0<strong>\"Firmas y papeler\u00eda\"<\/strong>\u00a0haga clic en\u00a0<strong>\"Nuevo<\/strong>\u00a0para crear una nueva firma.<br \/><strong>D\u00e9 un nombre a su firma<\/strong>\u00a0para facilitar su identificaci\u00f3n en el\u00a0<strong>\"Escriba una nueva firma\"<\/strong>\u00a0campo.<br \/><strong>Pegar\u00a0<\/strong>la firma generada desde el generador de firmas de correo electr\u00f3nico de ThriveDesk.<br \/>En\u00a0<strong>\"Elegir firma por defecto\"<\/strong>selecciona:<strong>\"Nuevos mensajes\"<\/strong>\u00a0para incluir autom\u00e1ticamente la firma en los nuevos correos electr\u00f3nicos.<br \/><strong>\"Respuestas y reenv\u00edos\"<\/strong>\u00a0para incluirlo en respuestas y mensajes reenviados.<br \/><strong>\"(ninguno)\"<\/strong>\u00a0si desea insertar la firma manualmente cada vez.<br \/>Haga clic en\u00a0<strong>\"OK\"<\/strong>\u00a0para guardar tu nueva firma.<\/p>\n\n<\/div>\n<\/div>\n<div id=\"faq-question-1709458525067\" class=\"rank-math-list-item\">\n<h3 class=\"rank-math-question\">\u00bfC\u00f3mo puedo crear una firma de correo electr\u00f3nico para el correo de Apple?<\/h3>\n<div class=\"rank-math-answer\">\n\n<p>En tu Mac:<br \/><strong>Abrir la aplicaci\u00f3n Mail<\/strong>\u00a0en tu Mac.<br \/>Ir a\u00a0<strong>Correo &gt; Preferencias<\/strong>.<br \/>Haga clic en el bot\u00f3n\u00a0<strong>\"Firmas\"<\/strong>\u00a0ficha.<br \/>En la columna de la izquierda, seleccione\u00a0<strong>cuenta de correo electr\u00f3nico<\/strong>\u00a0al que desea a\u00f1adir una firma.<br \/>Haga clic en el bot\u00f3n\u00a0<strong>Bot\u00f3n \"+\" (+)<\/strong>\u00a0debajo de la lista de firmas existentes (si las hay).<br \/><strong>Introduzca un nombre<\/strong>\u00a0para su nueva firma en el campo correspondiente.<br \/>En el\u00a0<strong>cuadro de texto grande a la derecha<\/strong>Escriba el contenido que desee para su firma. Puede utilizar opciones b\u00e1sicas de formato como negrita, cursiva, alineaci\u00f3n del texto e incluso insertar enlaces e im\u00e1genes haciendo clic en los iconos correspondientes.<br \/>Puede\u00a0<strong>elija<\/strong>\u00a0si desea que la firma se incluya autom\u00e1ticamente en\u00a0<strong>\"Nuevos mensajes\"<\/strong>\u00a0y\/o\u00a0<strong>\"Respuestas y reenv\u00edos\"<\/strong>\u00a0utilizando las casillas de verificaci\u00f3n.<br \/>Haga clic en\u00a0<strong>\"OK\"<\/strong>\u00a0para guardar tu nueva firma.<br \/>En tu iPhone\/iPad:<br \/><strong>Abra la aplicaci\u00f3n Ajustes<\/strong>\u00a0en tu iPhone\/iPad.<br \/>Despl\u00e1cese hacia abajo y pulse\u00a0<strong>\"Correo\"<\/strong>.<br \/>Toque\u00a0<strong>\"Firma\"<\/strong>.<br \/><strong>Elija la cuenta de correo electr\u00f3nico<\/strong>\u00a0al que desea a\u00f1adir una firma.<br \/><strong>Pulse en el cuadro de texto<\/strong>\u00a0y escriba el contenido que desee para su firma. Puede utilizar opciones de formato similares a las de la versi\u00f3n para Mac.<br \/>Toque\u00a0<strong>\"Hecho\"<\/strong>\u00a0para guardar tu nueva firma.<\/p>\n\n<\/div>\n<\/div>\n<div id=\"faq-question-1709458538920\" class=\"rank-math-list-item\">\n<h3 class=\"rank-math-question\">\u00bfQu\u00e9 es una firma de correo electr\u00f3nico?<\/h3>\n<div class=\"rank-math-answer\">\n\n<p>Una firma de correo electr\u00f3nico es un bloque de texto, im\u00e1genes y enlaces que aparece\u00a0<strong>autom\u00e1ticamente al final de un correo electr\u00f3nico enviado<\/strong>. Normalmente contiene su informaci\u00f3n profesional y tambi\u00e9n puede utilizarse con fines de marketing.<br \/>Tambi\u00e9n puede incluir enlaces a perfiles de redes sociales, sitios web de la empresa o banners promocionales. Las firmas de correo electr\u00f3nico ayudan a establecer profesionalidad, credibilidad y coherencia en la comunicaci\u00f3n entre correos electr\u00f3nicos.<\/p>\n\n<\/div>\n<\/div>\n<\/div>\n<\/div>","protected":false},"excerpt":{"rendered":"","protected":false},"author":1,"featured_media":34468,"parent":0,"menu_order":30,"comment_status":"closed","ping_status":"closed","template":"","meta":{"_acf_changed":false,"footnotes":""},"class_list":["post-34431","page","type-page","status-publish","has-post-thumbnail","hentry"],"acf":[],"_links":{"self":[{"href":"https:\/\/www.thrivedesk.com\/es\/wp-json\/wp\/v2\/pages\/34431","targetHints":{"allow":["GET"]}}],"collection":[{"href":"https:\/\/www.thrivedesk.com\/es\/wp-json\/wp\/v2\/pages"}],"about":[{"href":"https:\/\/www.thrivedesk.com\/es\/wp-json\/wp\/v2\/types\/page"}],"author":[{"embeddable":true,"href":"https:\/\/www.thrivedesk.com\/es\/wp-json\/wp\/v2\/users\/1"}],"replies":[{"embeddable":true,"href":"https:\/\/www.thrivedesk.com\/es\/wp-json\/wp\/v2\/comments?post=34431"}],"version-history":[{"count":2,"href":"https:\/\/www.thrivedesk.com\/es\/wp-json\/wp\/v2\/pages\/34431\/revisions"}],"predecessor-version":[{"id":39850,"href":"https:\/\/www.thrivedesk.com\/es\/wp-json\/wp\/v2\/pages\/34431\/revisions\/39850"}],"wp:featuredmedia":[{"embeddable":true,"href":"https:\/\/www.thrivedesk.com\/es\/wp-json\/wp\/v2\/media\/34468"}],"wp:attachment":[{"href":"https:\/\/www.thrivedesk.com\/es\/wp-json\/wp\/v2\/media?parent=34431"}],"curies":[{"name":"gracias","href":"https:\/\/api.w.org\/{rel}","templated":true}]}}