{"id":13976,"date":"2021-09-08T20:02:52","date_gmt":"2021-09-08T14:02:52","guid":{"rendered":"https:\/\/www.thrivedesk.com\/?page_id=13976"},"modified":"2022-09-19T17:28:50","modified_gmt":"2022-09-19T11:28:50","slug":"gdpr","status":"publish","type":"page","link":"https:\/\/www.thrivedesk.com\/es\/our\/gdpr\/","title":{"rendered":"Reglamento general de protecci\u00f3n de datos (RGPD)"},"content":{"rendered":"<h2 class=\"wp-block-heading\" style=\"font-size:25px\">\u00bfQu\u00e9 es el Reglamento General de Protecci\u00f3n de Datos (RGPD) y su importancia?<\/h2>\n\n\n\n<p><a href=\"https:\/\/gdpr-info.eu\/\" target=\"_blank\" rel=\"noopener\">Reglamento General de Protecci\u00f3n de Datos (RGPD)<\/a> fue aplicada por la Uni\u00f3n Europea el 25 de mayo de 2018, lo que ha revolucionado el proceso de fortalecimiento de la privacidad, la seguridad y la protecci\u00f3n de datos personales de una manera sin precedentes. Ha otorgado a los residentes en la UE el derecho a la privacidad y la protecci\u00f3n de datos y ha impuesto responsabilidades tanto a los procesadores de datos como a los responsables del tratamiento.<\/p>\n\n\n\n<p>Cuando una empresa demuestra que cumple el GDPR, significa que usted, como usuario de sus servicios, est\u00e1 protegido en lo que respecta a la privacidad y la protecci\u00f3n de datos. Defiende sus derechos como controlador de sus datos y le permite conceder permisos como \u00fanico controlador y propietario de sus propios datos.<\/p>\n\n\n\n<p>ThriveDesk cumple con el GDPR, ya que no contradice expl\u00edcitamente las leyes de Bangladesh, puesto que estamos registrados en Bangladesh. Creemos firmemente que para nuestros clientes, la privacidad de sus datos es el factor m\u00e1s importante a la hora de determinar si se suscriben a una plataforma como la nuestra que se ocupa del tratamiento de datos privados. Por lo tanto, tendemos a defender los derechos y obligaciones mencionados en el GDPR y a cumplirlo en la medida de lo posible.<\/p>\n\n\n\n<h3 class=\"wp-block-heading\" style=\"font-size:18px\"><em>\u00bfQui\u00e9n es un procesador de datos?<\/em><\/h3>\n\n\n\n<p>El significado de encargado del tratamiento de datos designa a las empresas o servicios que se dedican al tratamiento de datos por cuenta de alguien que decide tratarlos a trav\u00e9s del proveedor de servicios o encargado del tratamiento de datos.&nbsp;<\/p>\n\n\n\n<h3 class=\"wp-block-heading\" style=\"font-size:18px\"><em>\u00bfQui\u00e9n es el responsable del tratamiento?<\/em><\/h3>\n\n\n\n<p>Seg\u00fan el GDPR, un controlador de datos es alguien que suministra bienes o servicios a residentes de la UE, por lo tanto, si usted est\u00e1 vendiendo lo mismo a trav\u00e9s de Internet a cualquier residente de la UE, entonces estar\u00e1 sujeto al cumplimiento de las disposiciones establecidas en el GDPR y ser\u00e1 considerado como un controlador de datos y tendr\u00e1 la obligaci\u00f3n de suscribirse solo a aquellos Procesadores de Datos que cumplan con el GDPR.<\/p>\n\n\n\n<div style=\"height:40px\" aria-hidden=\"true\" class=\"wp-block-spacer\"><\/div>\n\n\n\n<h2 class=\"wp-block-heading\" style=\"font-size:25px\">\u00bfPostura de ThriveDesk ante el GDPR?<\/h2>\n\n\n\n<p>ThriveDesk entra dentro del significado de un procesador de datos seg\u00fan el GDPR y sus clientes son controladores de datos potenciales en caso de que proporcionen bienes o servicios a los residentes de la UE. Por lo tanto, para llegar a las audiencias globales, es imperativo que ThriveDesk cumpla con el GDPR.<\/p>\n\n\n\n<p>En ThriveDesk tomamos medidas serias para garantizar la protecci\u00f3n de datos y la privacidad de los clientes, y en un esfuerzo por garantizar lo mismo, a continuaci\u00f3n se presentan las iniciativas de cumplimiento de GDPR que tomamos:<\/p>\n\n\n\n<ul class=\"wp-block-list\"><li>En cada fase del desarrollo se adoptan todo tipo de medidas organizativas, t\u00e9cnicas y de seguridad.<\/li><li>Todos los datos en tr\u00e1nsito, almacenados o en reposo est\u00e1n cifrados.<\/li><li>ThriveDesk notificar\u00e1 inmediatamente cualquier incumplimiento de las pol\u00edticas de seguridad vigentes y la violaci\u00f3n de cualquier dato personal, nuestro sistema de notificaci\u00f3n funcionar\u00e1 las 24 horas del d\u00eda sin apenas tiempo de renderizado y con respuestas r\u00e1pidas.<\/li><li>Ni ThriveDesk retiene ninguna informaci\u00f3n ni procesa ning\u00fan dato sin el consentimiento de su usuario o propietarios, dando a sus clientes pleno control sobre c\u00f3mo utilizar dichos datos.<\/li><li>Todos los tratamientos de datos est\u00e1n protegidos conforme a las normas europeas de protecci\u00f3n de datos.<\/li><\/ul>\n\n\n\n<div style=\"height:40px\" aria-hidden=\"true\" class=\"wp-block-spacer\"><\/div>\n\n\n\n<h2 class=\"wp-block-heading\" style=\"font-size:25px\"><strong>No hacemos nada a menos que nos d\u00e9 permiso.<\/strong><\/h2>\n\n\n\n<p>Sin su consentimiento no procesamos ning\u00fan dato o informaci\u00f3n. Nunca conservamos sus datos personales relacionados con el pago y la facturaci\u00f3n y, como tales, son almacenados y procesados por pasarelas de pago de terceros con certificaci\u00f3n ISO. En nuestra <strong>pol\u00edtica de cookies<\/strong> hemos mencionado qu\u00e9 tipos de informaci\u00f3n o datos relacionados con el comportamiento o la actividad almacenamos o utilizamos y somos muy transparentes al respecto y nada de lo que retenemos y utilizamos se ha hecho sin su consentimiento.<\/p>\n\n\n\n<div style=\"height:40px\" aria-hidden=\"true\" class=\"wp-block-spacer\"><\/div>\n\n\n\n<h2 class=\"wp-block-heading\" style=\"font-size:25px\"><strong><strong>En el punto <a href=\"https:\/\/www.thrivedesk.com\/es\/our\/terms\/\" data-type=\"page\" data-id=\"10216\">Condiciones de servicio<\/a> y <a href=\"https:\/\/www.thrivedesk.com\/es\/our\/privacy\/\" data-type=\"page\" data-id=\"11655\">Pol\u00edtica de privacidad<\/a><\/strong><\/strong><\/h2>\n\n\n\n<p>ThriveDesk es absolutamente transparente con sus t\u00e9rminos de servicios y pol\u00edtica de privacidad y estipula abiertamente en cuanto a los datos personales que recopilamos, hemos hecho todo lo posible para permanecer muy claro, transparente, inteligible y conciso con nuestros t\u00e9rminos y condiciones y tambi\u00e9n se le aconseja ir a trav\u00e9s de la misma antes de tomar las decisiones.<\/p>\n\n\n\n<div style=\"height:40px\" aria-hidden=\"true\" class=\"wp-block-spacer\"><\/div>\n\n\n\n<h2 class=\"wp-block-heading\" style=\"font-size:25px\"><strong><strong>\u00bfPuede borrar todos sus datos?<\/strong><\/strong><\/h2>\n\n\n\n<p>S\u00ed, tiene derecho a eliminar todos sus datos A-Z que se hayan acumulado durante su uso de ThriveDesk, una simple solicitud para eliminar toda la informaci\u00f3n a nuestro equipo de soporte habilitar\u00e1 el proceso. Nosotros haremos el trabajo duro por usted, s\u00f3lo h\u00e1ganos saber cu\u00e1ndo necesita eliminar todos sus datos a trav\u00e9s de nuestro soporte y tomaremos inmediatamente la acci\u00f3n.<\/p>\n\n\n\n<div style=\"height:40px\" aria-hidden=\"true\" class=\"wp-block-spacer\"><\/div>\n\n\n\n<h2 class=\"wp-block-heading\" style=\"font-size:25px\"><strong>\u00bfLa ideolog\u00eda de ThriveDesk?<\/strong><\/h2>\n\n\n\n<p>En lo que respecta a los principios de protecci\u00f3n de datos, contamos con una s\u00f3lida ideolog\u00eda que incluye, entre otros, los siguientes:&nbsp;<\/p>\n\n\n\n<ul class=\"wp-block-list\"><li>La recogida, distribuci\u00f3n y tratamiento de datos personales debe hacerse de la forma m\u00e1s transparente y razonable posible, con una lectura f\u00e1cil.<\/li><li>El periodo de conservaci\u00f3n de los datos no debe superar el tiempo necesario.<\/li><li>Todos los clientes de ThriveDesk tienen la opci\u00f3n de descargar o acceder a su informaci\u00f3n o datos personales o hacer una copia de los mismos siempre que lo deseen.<\/li><li>Los datos personales s\u00f3lo pueden recopilarse para un fin espec\u00edfico y no pueden utilizarse para ning\u00fan otro fin salvo que se haya obtenido el consentimiento o permiso de los clientes.<\/li><\/ul>\n\n\n\n<div style=\"height:40px\" aria-hidden=\"true\" class=\"wp-block-spacer\"><\/div>\n\n\n\n<h2 class=\"wp-block-heading\" style=\"font-size:25px\"><strong>Gesti\u00f3n de infracciones<\/strong><\/h2>\n\n\n\n<p>Ya contamos con un plan de gesti\u00f3n y comunicaci\u00f3n de infracciones para cumplir con la normativa del GDPR relativa al proceso de escalado y los requisitos de notificaci\u00f3n a los interesados.<\/p>\n\n\n\n<div style=\"height:40px\" aria-hidden=\"true\" class=\"wp-block-spacer\"><\/div>\n\n\n\n<h2 class=\"wp-block-heading\" style=\"font-size:25px\"><strong>Formaci\u00f3n<\/strong><\/h2>\n\n\n\n<p>Nuestro equipo recibe una formaci\u00f3n rigurosa la \u00faltima semana de cada trimestre y damos mucha importancia a la detecci\u00f3n de posibles lagunas que puedan poner en peligro la privacidad o la protecci\u00f3n de datos de nuestros clientes. Nuestro sistema ha sido dise\u00f1ado para minimizar cualquier posibilidad de fuga de datos.<\/p>\n\n\n\n<p><\/p>\n\n\n\n<p>Consulte nuestros subprocesadores y <a href=\"https:\/\/www.thrivedesk.com\/es\/our\/cookies\/\" data-type=\"page\" data-id=\"11706\">Pol\u00edtica de cookies<\/a> saber qu\u00e9 informaci\u00f3n conservamos y qui\u00e9nes son los terceros encargados del tratamiento.<\/p>\n\n\n\n<p><\/p>\n\n\n\n<div style=\"height:40px\" aria-hidden=\"true\" class=\"wp-block-spacer\"><\/div>\n\n\n\n<div style=\"height:40px\" aria-hidden=\"true\" class=\"wp-block-spacer\"><\/div>","protected":false},"excerpt":{"rendered":"<p>What is General Data Protection Regulation (GDPR) and its Significance? The \u200b\u200bGeneral Data Protection Regulation (GDPR) was enforced by the European Union on may 25, 2018, which has revolutionised the process of strengthening privacy, security &amp; personal data protection in an unprecedented manner. It has given the EU residents the right to privacy and data [&hellip;]<\/p>\n","protected":false},"author":1,"featured_media":0,"parent":10222,"menu_order":0,"comment_status":"closed","ping_status":"closed","template":"","meta":{"_acf_changed":false,"footnotes":""},"class_list":["post-13976","page","type-page","status-publish","hentry"],"acf":[],"_links":{"self":[{"href":"https:\/\/www.thrivedesk.com\/es\/wp-json\/wp\/v2\/pages\/13976","targetHints":{"allow":["GET"]}}],"collection":[{"href":"https:\/\/www.thrivedesk.com\/es\/wp-json\/wp\/v2\/pages"}],"about":[{"href":"https:\/\/www.thrivedesk.com\/es\/wp-json\/wp\/v2\/types\/page"}],"author":[{"embeddable":true,"href":"https:\/\/www.thrivedesk.com\/es\/wp-json\/wp\/v2\/users\/1"}],"replies":[{"embeddable":true,"href":"https:\/\/www.thrivedesk.com\/es\/wp-json\/wp\/v2\/comments?post=13976"}],"version-history":[{"count":0,"href":"https:\/\/www.thrivedesk.com\/es\/wp-json\/wp\/v2\/pages\/13976\/revisions"}],"up":[{"embeddable":true,"href":"https:\/\/www.thrivedesk.com\/es\/wp-json\/wp\/v2\/pages\/10222"}],"wp:attachment":[{"href":"https:\/\/www.thrivedesk.com\/es\/wp-json\/wp\/v2\/media?parent=13976"}],"curies":[{"name":"gracias","href":"https:\/\/api.w.org\/{rel}","templated":true}]}}