{"id":11706,"date":"2021-04-26T16:16:50","date_gmt":"2021-04-26T10:16:50","guid":{"rendered":"https:\/\/www.thrivedesk.com\/?page_id=11706"},"modified":"2023-05-23T23:31:06","modified_gmt":"2023-05-23T20:31:06","slug":"cookies","status":"publish","type":"page","link":"https:\/\/www.thrivedesk.com\/es\/our\/cookies\/","title":{"rendered":"Pol\u00edtica de cookies"},"content":{"rendered":"<p>Podemos utilizar cookies, que son peque\u00f1os archivos que se insertan en su dispositivo o navegador web para realizar un seguimiento de sus actividades en nuestros sitios web. Tambi\u00e9n podemos utilizar balizas o etiquetas de p\u00e1gina de nuestra Asistencia para realizar un seguimiento de la experiencia del espectador de los clientes y la informaci\u00f3n de retenci\u00f3n.<\/p>\n\n\n\n<p>Thrivedesk utiliza cookies para personalizar la experiencia de los clientes y ayudar a crear una mejor experiencia de usuario. Sin embargo, obtendremos su consentimiento expl\u00edcito para utilizar cookies como una notificaci\u00f3n emergente cuando haya aterrizado en nuestro sitio web.&nbsp;<\/p>\n\n\n\n<p>No compartimos ninguna informaci\u00f3n de cookies con terceros y esta informaci\u00f3n se utiliza exclusivamente para proporcionar un uso eficaz y adecuado de nuestra pol\u00edtica de publicidad y marketing a trav\u00e9s de la orientaci\u00f3n y la asistencia con un mejor uso de experiencias.<\/p>\n\n\n\n<p>A continuaci\u00f3n figura la lista de cookies que utilizamos:<\/p>\n\n\n\n<ul class=\"wp-block-list\">\n<li>Google Analytics<\/li>\n\n\n\n<li>Pila<\/li>\n\n\n\n<li>Afiliado de p\u00e1del<\/li>\n\n\n\n<li>P\u00edxel FB<\/li>\n\n\n\n<li>Anuncios Google<\/li>\n\n\n\n<li>SharpSpring<\/li>\n<\/ul>","protected":false},"excerpt":{"rendered":"<p>We may use cookie, which are small files that are inserted on your device or web browser to track your activities on our websites. We may also use beacons or our Assistance&#8217;s page tags to track customers viewer experience and retention information. Thrivedesk uses cookies to personalised customers experiences and assist on creating a better [&hellip;]<\/p>\n","protected":false},"author":1,"featured_media":0,"parent":10222,"menu_order":0,"comment_status":"closed","ping_status":"closed","template":"","meta":{"_acf_changed":false,"footnotes":""},"class_list":["post-11706","page","type-page","status-publish","hentry"],"acf":[],"_links":{"self":[{"href":"https:\/\/www.thrivedesk.com\/es\/wp-json\/wp\/v2\/pages\/11706","targetHints":{"allow":["GET"]}}],"collection":[{"href":"https:\/\/www.thrivedesk.com\/es\/wp-json\/wp\/v2\/pages"}],"about":[{"href":"https:\/\/www.thrivedesk.com\/es\/wp-json\/wp\/v2\/types\/page"}],"author":[{"embeddable":true,"href":"https:\/\/www.thrivedesk.com\/es\/wp-json\/wp\/v2\/users\/1"}],"replies":[{"embeddable":true,"href":"https:\/\/www.thrivedesk.com\/es\/wp-json\/wp\/v2\/comments?post=11706"}],"version-history":[{"count":0,"href":"https:\/\/www.thrivedesk.com\/es\/wp-json\/wp\/v2\/pages\/11706\/revisions"}],"up":[{"embeddable":true,"href":"https:\/\/www.thrivedesk.com\/es\/wp-json\/wp\/v2\/pages\/10222"}],"wp:attachment":[{"href":"https:\/\/www.thrivedesk.com\/es\/wp-json\/wp\/v2\/media?parent=11706"}],"curies":[{"name":"gracias","href":"https:\/\/api.w.org\/{rel}","templated":true}]}}