{"id":10566,"date":"2021-04-19T19:08:39","date_gmt":"2021-04-19T13:08:39","guid":{"rendered":"https:\/\/www.thrivedesk.com\/?page_id=10566"},"modified":"2024-04-11T01:18:09","modified_gmt":"2024-04-10T22:18:09","slug":"community","status":"publish","type":"page","link":"https:\/\/www.thrivedesk.com\/es\/community\/","title":{"rendered":"Comunidad"},"content":{"rendered":"<h1>Espacio comunitario para creadores, personas influyentes y empresas<\/h1>\n<h5>Tener una comunidad ayuda a reducir significativamente los costes de marketing.<\/h5>\n<p>Impulse la participaci\u00f3n de los usuarios y aumente el valor del ciclo de vida del cliente permitiendo a sus clientes reunirse, conectarse y colaborar en ideas, debates y proyectos.<\/p>\n<p><a role=\"button\" href=\"https:\/\/app.thrivedesk.com\/register\" target=\"_blank\" rel=\"noopener\"><br \/>\nPrueba gratuita de 7 d\u00edas<br \/>\n<\/a><br \/>\n<img decoding=\"async\" src=\"https:\/\/www.thrivedesk.com\/wp-content\/uploads\/2021\/09\/community.png\" sizes=\"(max-width: 1171px) 100vw, 1171px\" srcset=\"https:\/\/www.thrivedesk.com\/wp-content\/uploads\/2021\/09\/community.png 1171w, https:\/\/www.thrivedesk.com\/wp-content\/uploads\/2021\/09\/community-768x472.png 768w\" alt=\"\" width=\"1171\" height=\"720\" title=\"\"><\/p>\n<h2>Una plataforma intuitiva y clara para debatir sin distracciones<\/h2>\n<h4>Privacidad ante todo<\/h4>\n<p>Organiza tus debates en espacios privados, p\u00fablicos o secretos. Puedes cambiar la configuraci\u00f3n de privacidad en cualquier momento.<\/p>\n<h4>Contenido integrable<\/h4>\n<p>Inserte contenidos directamente en su sitio web para<\/p>\n<ul>\n<li>\nAgrega tus perfiles de redes sociales en un solo lugar<\/li>\n<li>\nMostrar contenido generado por el usuario<\/li>\n<li>\nMejore el aspecto de su sitio web<\/li>\n<li>\nImpulsar el compromiso<\/li>\n<li>\nActivar los clics<\/li>\n<li>\nAumentar las tasas de conversi\u00f3n<\/li>\n<li>\nGenerar confianza social<\/li>\n<\/ul>\n<h4>Babosa editable<\/h4>\n<p>Cambia las palabras de tu slug para mejorar tu posicionamiento SEO. Es uno de los indicadores que utiliza Google para determinar de qu\u00e9 trata una p\u00e1gina.<\/p>\n<h4>Organice seminarios web en directo<\/h4>\n<p>Organice seminarios web en directo sin problemas para<\/p>\n<ul>\n<li>\nGenerar oportunidades de venta perfectas<\/li>\n<li>\nCrear valor de marca<\/li>\n<li>\nImpulsar el compromiso<\/li>\n<li>\nDeleite y sorprenda a sus clientes<\/li>\n<\/ul>\n<h2>Crear una comunidad para cada caso de uso<\/h2>\n<p>Comunidades de miembros<\/p>\n<p>Comunidades de curso<\/p>\n<p>Comunidades tem\u00e1ticas<\/p>\n<p>Comunidades de productos<\/p>\n<p>Bolet\u00edn comunidades<\/p>\n<p>Comunidades espec\u00edficas<\/p>\n<h2>Organiza tus debates en canales p\u00fablicos o privados<\/h2>\n<p>La comunidad de ThriveDesk es flexible, de marca blanca y permite diversos tipos de comunidad.<\/p>\n<h4>Organizar debates<\/h4>\n<h4>Crear canales privados<\/h4>\n<h4>Capacitar a los grupos de inter\u00e9s<\/h4>\n<h4>Organizar debates<\/h4>\n<p><img decoding=\"async\" src=\"https:\/\/www.thrivedesk.com\/wp-content\/uploads\/2021\/09\/community-discussions.png\" alt=\"\" width=\"1035\" height=\"647\" title=\"\"><\/p>\n<h4>Crear canales privados<\/h4>\n<p><img decoding=\"async\" src=\"https:\/\/www.thrivedesk.com\/wp-content\/uploads\/2021\/09\/community-private-channel.png\" alt=\"\" width=\"1035\" height=\"647\" title=\"\"><\/p>\n<h4>Capacitar a los grupos de inter\u00e9s<\/h4>\n<p><img decoding=\"async\" src=\"https:\/\/www.thrivedesk.com\/wp-content\/uploads\/2021\/09\/community-groups.png\" alt=\"\" width=\"1035\" height=\"815\" title=\"\"><\/p>\n<h2>Haga que sus debates sean fluidos y productivos<\/h2>\n<p>Debatir sobre temas y etiquetas espec\u00edficos<\/p>\n<p>Proteger los mensajes con contrase\u00f1a<\/p>\n<p>Comentar y responder a los mensajes<\/p>\n<p>Filtros de puesto instant\u00e1neos<\/p>\n<p>Publicar mensajes privados<\/p>\n<p>Reacciona a los mensajes con emojis<\/p>\n<p>Compartir archivos adjuntos<\/p>\n<p>Etiquetas y menciones<br \/>\n<a role=\"button\" href=\"https:\/\/app.thrivedesk.com\/register\" target=\"_blank\" rel=\"noopener\"><br \/>\nPrueba gratuita de 7 d\u00edas<br \/>\n<\/a><\/p>\n<h2>Obtenga m\u00e1s ingresos monetizando su comunidad<\/h2>\n<h4>Contenidos de pago<\/h4>\n<p>Int\u00e9grese con su plataforma de comercio electr\u00f3nico o LMS favorita para cobrar por contenidos de valor,.<\/p>\n<h4>Afiliaci\u00f3n de pago<\/h4>\n<p>Cobre a los miembros por el acceso exclusivo a su canal s\u00f3lo para miembros.<\/p>\n<h4>Opci\u00f3n de donaci\u00f3n o venta<\/h4>\n<p>Recaude dinero para organizaciones ben\u00e9ficas o incorpore opciones de compra de productos dentro de la comunidad.<\/p>\n<h2>Disfrute de una experiencia comunitaria completa en marca blanca<\/h2>\n<p>Elija los colores de su marca, a\u00f1ada un dominio personalizado y sea propietario de 100% de los datos de sus afiliados.<\/p>\n<ul>\n<li>\nDecida el aspecto completo de su marca mediante dise\u00f1os personalizados<\/li>\n<li>\nA\u00f1adir un dominio personalizado<\/li>\n<li>\nLa funci\u00f3n de inicio de sesi\u00f3n \u00fanico (SSO) permite a los usuarios utilizar la plataforma sin necesidad de crear una nueva cuenta.<\/li>\n<li>\nPlantillas de correo personalizadas y personalizables<\/li>\n<\/ul>\n<p><img decoding=\"async\" src=\"https:\/\/www.thrivedesk.com\/wp-content\/uploads\/2021\/09\/community-wlabel.png\" sizes=\"(max-width: 805px) 100vw, 805px\" srcset=\"https:\/\/www.thrivedesk.com\/wp-content\/uploads\/2021\/09\/community-wlabel.png 805w, https:\/\/www.thrivedesk.com\/wp-content\/uploads\/2021\/09\/community-wlabel-768x729.png 768w\" alt=\"\" width=\"805\" height=\"764\" title=\"\"><\/p>\n<h4>Reg\u00edstrate ahora en la plataforma de comunidad SEO de ThriveDesk<a role=\"button\" href=\"https:\/\/app.thrivedesk.com\/register\" target=\"_blank\" rel=\"noopener\"><br \/>\nPrueba gratuita de 7 d\u00edas<br \/>\n<\/a><\/h4>","protected":false},"excerpt":{"rendered":"<p>Community space for creators, influencers &amp; businesses Having a community helps reduce your marketing costs significantly. Drive user engagement and increase customer lifetime value by enabling your customers to come together, connect, and collaborate on ideas, discussions, and projects. Free 7-day Trial An intuitive and clear platform to have distraction-free discussions Privacy First Organize your [&hellip;]<\/p>\n","protected":false},"author":1,"featured_media":0,"parent":0,"menu_order":11,"comment_status":"closed","ping_status":"closed","template":"","meta":{"_acf_changed":false,"footnotes":""},"class_list":["post-10566","page","type-page","status-publish","hentry"],"acf":[],"_links":{"self":[{"href":"https:\/\/www.thrivedesk.com\/es\/wp-json\/wp\/v2\/pages\/10566","targetHints":{"allow":["GET"]}}],"collection":[{"href":"https:\/\/www.thrivedesk.com\/es\/wp-json\/wp\/v2\/pages"}],"about":[{"href":"https:\/\/www.thrivedesk.com\/es\/wp-json\/wp\/v2\/types\/page"}],"author":[{"embeddable":true,"href":"https:\/\/www.thrivedesk.com\/es\/wp-json\/wp\/v2\/users\/1"}],"replies":[{"embeddable":true,"href":"https:\/\/www.thrivedesk.com\/es\/wp-json\/wp\/v2\/comments?post=10566"}],"version-history":[{"count":0,"href":"https:\/\/www.thrivedesk.com\/es\/wp-json\/wp\/v2\/pages\/10566\/revisions"}],"wp:attachment":[{"href":"https:\/\/www.thrivedesk.com\/es\/wp-json\/wp\/v2\/media?parent=10566"}],"curies":[{"name":"gracias","href":"https:\/\/api.w.org\/{rel}","templated":true}]}}